{"id":8273,"date":"2020-07-02T15:59:24","date_gmt":"2020-07-02T13:59:24","guid":{"rendered":"https:\/\/www.trentinofilmcommission.it\/?page_id=8273"},"modified":"2024-05-23T10:59:31","modified_gmt":"2024-05-23T08:59:31","slug":"proponi-location","status":"publish","type":"page","link":"https:\/\/www.trentinofilmcommission.it\/it\/proponi-location\/","title":{"rendered":"Proponi una location"},"content":{"rendered":"<p>Cerchiamo sempre nuove location da proporre alle produzioni cinematografiche, televisive e di documentario per presentare il Trentino in tutta la sua bellezza e variet\u00e0. La location pu\u00f2 essere proposta sia da soggetti privati, sia da enti pubblici, purch\u00e9 titolari della propriet\u00e0. Si possono proporre ambienti di ogni tipologia \u2013 residenziale, commerciale, istituzionale, industriale, sportiva, etc. \u2013 purch\u00e9 si trovino in provincia di Trento.<\/p>\n<div class=\"contains-collapsible-section\">\n    <div class=\"collapsible-section-header\">\n        <span class=\"fa fa-chevron-right collapsed\" aria-hidden=\"true\"><\/span>\n        <span class=\"fa fa-chevron-down expanded\" aria-hidden=\"true\"><\/span>\n        <div class=\"title\">Modalit\u00e0 di selezione delle location<\/div>\n    <\/div>\n    <div class=\"collapsible-section-content\">Le location, per essere proposte come set, devono rispettare alcuni requisiti fondamentali quali: una buona accessibilit\u00e0 e un ambiente circostante favorevole e non rumoroso.<br \/>\nTFC selezioner\u00e0 le proposte da inserire nel proprio database tenendo conto delle esigenze delle Produzioni audiovisive.<\/div>\n<\/div>\n<div class=\"contains-collapsible-section\">\n    <div class=\"collapsible-section-header\">\n        <span class=\"fa fa-chevron-right collapsed\" aria-hidden=\"true\"><\/span>\n        <span class=\"fa fa-chevron-down expanded\" aria-hidden=\"true\"><\/span>\n        <div class=\"title\">Se la location viene selezionata da Trentino Film Commission<\/div>\n    <\/div>\n    <div class=\"collapsible-section-content\">Nel caso in cui una location soddisfi i requisiti necessari per l\u2019inserimento nel database, il proprietario autorizza TFC a promuovere la stessa utilizzando il materiale fotografico fornito all\u2019atto dell\u2019iscrizione. L\u2019inserimento della location nel database non assicura che la stessa venga selezionata dalle Produzioni per diventare il set di un film o di un prodotto televisivo.\u00a0 L\u2019inserimento della location nel database non ha alcun costo e l\u2019annullamento dell\u2019iscrizione pu\u00f2 essere richiesto in qualsiasi momento scrivendo all\u2019indirizzo <a href=\"mailto:filmcommission@trentinosviluppo.it\">filmcommission@trentinosviluppo.it<\/a><\/div>\n<\/div>\n<div class=\"contains-collapsible-section\">\n    <div class=\"collapsible-section-header\">\n        <span class=\"fa fa-chevron-right collapsed\" aria-hidden=\"true\"><\/span>\n        <span class=\"fa fa-chevron-down expanded\" aria-hidden=\"true\"><\/span>\n        <div class=\"title\">Se la location viene selezionata da una Produzione<\/div>\n    <\/div>\n    <div class=\"collapsible-section-content\">Se una Produzione dimostra interesse per una location sulla base delle fotografie presenti nel database, il Proprietario verr\u00e0 contattato da un incaricato di TFC che presenter\u00e0 in sintesi il progetto. Nel caso in cui il progetto sia di interesse del Proprietario, verr\u00e0 fissato un sopralluogo per mostrare la location alla Produzione interessata. Solitamente ai sopralluoghi sono presenti: il regista, lo scenografo, il produttore o altra persona incaricata dalla Produzione, accompagnati da un \u201clocation manager\u201c, un professionista locale specializzato nei rapporti tra la produzione e la propriet\u00e0 della location.<br \/>\nIl location manager diventer\u00e0, da questo momento in poi, il principale referente diretto del Proprietario; gli fornir\u00e0 collaborazione, supporto e assistenza per pianificare e soddisfare al meglio le esigenze delle due parti. Il location manager sar\u00e0 un riferimento operativo, mentre la Produzione sar\u00e0 invece la controparte con cui contrattualizzare termini e modalit\u00e0 per l\u2019affitto della location.<br \/>\nLe condizioni contrattuali variano a seconda della tipologia di location e delle diverse esigenze delle Produzioni; il Proprietario potr\u00e0 quindi, caso per caso, valutare la proposta di collaborazione formulata e decidere &#8211; in assoluta libert\u00e0 &#8211; se accettarla o rifiutarla.<\/div>\n<\/div>\n<div class=\"contains-collapsible-section\">\n    <div class=\"collapsible-section-header\">\n        <span class=\"fa fa-chevron-right collapsed\" aria-hidden=\"true\"><\/span>\n        <span class=\"fa fa-chevron-down expanded\" aria-hidden=\"true\"><\/span>\n        <div class=\"title\">Il contratto di locazione e l\u2019impegno della propriet\u00e0<\/div>\n    <\/div>\n    <div class=\"collapsible-section-content\">La Produzione, dopo aver preventivamente discusso le condizioni, presenter\u00e0 al proprietario un contratto di locazione. Il Proprietario potr\u00e0 aggiungere al contratto le proprie richieste, ulteriori dettagli ed eventuali restrizioni, come ad esempio: date e orari di utilizzo, eventuali interventi di scenografia concordati, eventuale concessione di spazi accessori di appoggio (sala trucco, costumi, mensa, etc.), compenso economico, condizioni assicurative.<br \/>\nLe Produzioni &#8211; di legge &#8211; devono possedere un\u2019adeguata copertura assicurativa; sar\u00e0 cura del Proprietario verificarne i termini e le condizioni per accertarsi che tra le altre condizioni sia previsto anche il risarcimento di eventuali danni arrecati alla location durante il periodo di utilizzo da parte della Produzione.<br \/>\nL\u2019impegno che il Proprietario della location si assume in termini di disturbo e di tempi \u00e8 differente a seconda del tipo di progetto: possono variare le dimensioni della troupe (troupe leggere di 5\/10 persone in caso di cortometraggi e documentari, troupe di 40\/50 persone &#8211; oltre agli attori &#8211; se si tratta di grosse Produzioni cinematografiche o televisive), cos\u00ec come i tempi di utilizzo della location.<br \/>\nPer stabilire il costo di utilizzo della location non esiste un tariffario, il compenso ritenuto congruo va negoziato con la Produzione e dipende dalle caratteristiche della location (la sua importanza\/valore, le dimensioni degli ambienti, i servizi\/vantaggi offerti, etc.) e dalla durata dell\u2019impegno. In caso di richieste per lunghi periodi, normalmente il costo giornaliero di base viene trattato a forfait.<\/div>\n<\/div>\n<p>Per proporre la tua location inizia compilando il form che trovi qui sotto.<br \/>\nPer maggiori informazioni e supporto scrivere a <a href=\"mailto:filmcommission@trentinosviluppo.it\">filmcommission@trentinosviluppo.it<\/a><\/p>\n","protected":false},"excerpt":{"rendered":"<p>Cerchiamo sempre nuove location da proporre alle produzioni cinematografiche, televisive e di documentario per presentare il Trentino in tutta la sua bellezza e variet\u00e0. La location pu\u00f2 essere proposta sia da soggetti privati, sia da enti pubblici, purch\u00e9 titolari della propriet\u00e0. Si possono proporre ambienti di ogni tipologia \u2013 residenziale, commerciale, istituzionale, industriale, sportiva, etc. [&hellip;]<\/p>\n","protected":false},"author":1,"featured_media":9082,"parent":0,"menu_order":0,"comment_status":"closed","ping_status":"closed","template":"page-templates\/location-submission.php","meta":{"footnotes":""},"class_list":["post-8273","page","type-page","status-publish","has-post-thumbnail","hentry"],"yoast_head":"<!-- This site is optimized with the Yoast SEO plugin v27.3 - https:\/\/yoast.com\/product\/yoast-seo-wordpress\/ -->\n<title>Proponi una location - Trentino Film Commission<\/title>\n<meta name=\"robots\" content=\"index, follow, max-snippet:-1, max-image-preview:large, max-video-preview:-1\" \/>\n<link rel=\"canonical\" href=\"https:\/\/www.trentinofilmcommission.it\/it\/proponi-location\/\" \/>\n<meta property=\"og:locale\" content=\"it_IT\" \/>\n<meta property=\"og:type\" content=\"article\" \/>\n<meta property=\"og:title\" content=\"Proponi una location - Trentino Film Commission\" \/>\n<meta property=\"og:description\" content=\"Cerchiamo sempre nuove location da proporre alle produzioni cinematografiche, televisive e di documentario per presentare il Trentino in tutta la sua bellezza e variet\u00e0. La location pu\u00f2 essere proposta sia da soggetti privati, sia da enti pubblici, purch\u00e9 titolari della propriet\u00e0. Si possono proporre ambienti di ogni tipologia \u2013 residenziale, commerciale, istituzionale, industriale, sportiva, etc. [&hellip;]\" \/>\n<meta property=\"og:url\" content=\"https:\/\/www.trentinofilmcommission.it\/it\/proponi-location\/\" \/>\n<meta property=\"og:site_name\" content=\"Trentino Film Commission\" \/>\n<meta property=\"article:modified_time\" content=\"2024-05-23T08:59:31+00:00\" \/>\n<meta property=\"og:image\" content=\"https:\/\/www.trentinofilmcommission.it\/wp-content\/uploads\/2021\/05\/TFC_banner_location-2-scaled.jpg\" \/>\n\t<meta property=\"og:image:width\" content=\"2560\" \/>\n\t<meta property=\"og:image:height\" content=\"1109\" \/>\n\t<meta property=\"og:image:type\" content=\"image\/jpeg\" \/>\n<meta name=\"twitter:card\" content=\"summary_large_image\" \/>\n<meta name=\"twitter:label1\" content=\"Est. reading time\" \/>\n\t<meta name=\"twitter:data1\" content=\"4 minuti\" \/>\n<script type=\"application\/ld+json\" class=\"yoast-schema-graph\">{\"@context\":\"https:\\\/\\\/schema.org\",\"@graph\":[{\"@type\":\"WebPage\",\"@id\":\"https:\\\/\\\/www.trentinofilmcommission.it\\\/it\\\/proponi-location\\\/\",\"url\":\"https:\\\/\\\/www.trentinofilmcommission.it\\\/it\\\/proponi-location\\\/\",\"name\":\"Proponi una location - Trentino Film Commission\",\"isPartOf\":{\"@id\":\"https:\\\/\\\/www.trentinofilmcommission.it\\\/en\\\/#website\"},\"primaryImageOfPage\":{\"@id\":\"https:\\\/\\\/www.trentinofilmcommission.it\\\/it\\\/proponi-location\\\/#primaryimage\"},\"image\":{\"@id\":\"https:\\\/\\\/www.trentinofilmcommission.it\\\/it\\\/proponi-location\\\/#primaryimage\"},\"thumbnailUrl\":\"https:\\\/\\\/www.trentinofilmcommission.it\\\/wp-content\\\/uploads\\\/2021\\\/05\\\/TFC_banner_location-2-scaled.jpg\",\"datePublished\":\"2020-07-02T13:59:24+00:00\",\"dateModified\":\"2024-05-23T08:59:31+00:00\",\"breadcrumb\":{\"@id\":\"https:\\\/\\\/www.trentinofilmcommission.it\\\/it\\\/proponi-location\\\/#breadcrumb\"},\"inLanguage\":\"it-IT\",\"potentialAction\":[{\"@type\":\"ReadAction\",\"target\":[\"https:\\\/\\\/www.trentinofilmcommission.it\\\/it\\\/proponi-location\\\/\"]}]},{\"@type\":\"ImageObject\",\"inLanguage\":\"it-IT\",\"@id\":\"https:\\\/\\\/www.trentinofilmcommission.it\\\/it\\\/proponi-location\\\/#primaryimage\",\"url\":\"https:\\\/\\\/www.trentinofilmcommission.it\\\/wp-content\\\/uploads\\\/2021\\\/05\\\/TFC_banner_location-2-scaled.jpg\",\"contentUrl\":\"https:\\\/\\\/www.trentinofilmcommission.it\\\/wp-content\\\/uploads\\\/2021\\\/05\\\/TFC_banner_location-2-scaled.jpg\",\"width\":2560,\"height\":1109},{\"@type\":\"BreadcrumbList\",\"@id\":\"https:\\\/\\\/www.trentinofilmcommission.it\\\/it\\\/proponi-location\\\/#breadcrumb\",\"itemListElement\":[{\"@type\":\"ListItem\",\"position\":1,\"name\":\"Home\",\"item\":\"https:\\\/\\\/www.trentinofilmcommission.it\\\/it\\\/\"},{\"@type\":\"ListItem\",\"position\":2,\"name\":\"Proponi una location\"}]},{\"@type\":\"WebSite\",\"@id\":\"https:\\\/\\\/www.trentinofilmcommission.it\\\/en\\\/#website\",\"url\":\"https:\\\/\\\/www.trentinofilmcommission.it\\\/en\\\/\",\"name\":\"Trentino Film Commission\",\"description\":\"Where all films come true\",\"potentialAction\":[{\"@type\":\"SearchAction\",\"target\":{\"@type\":\"EntryPoint\",\"urlTemplate\":\"https:\\\/\\\/www.trentinofilmcommission.it\\\/en\\\/?s={search_term_string}\"},\"query-input\":{\"@type\":\"PropertyValueSpecification\",\"valueRequired\":true,\"valueName\":\"search_term_string\"}}],\"inLanguage\":\"it-IT\"}]}<\/script>\n<!-- \/ Yoast SEO plugin. -->","yoast_head_json":{"title":"Proponi una location - Trentino Film Commission","robots":{"index":"index","follow":"follow","max-snippet":"max-snippet:-1","max-image-preview":"max-image-preview:large","max-video-preview":"max-video-preview:-1"},"canonical":"https:\/\/www.trentinofilmcommission.it\/it\/proponi-location\/","og_locale":"it_IT","og_type":"article","og_title":"Proponi una location - Trentino Film Commission","og_description":"Cerchiamo sempre nuove location da proporre alle produzioni cinematografiche, televisive e di documentario per presentare il Trentino in tutta la sua bellezza e variet\u00e0. La location pu\u00f2 essere proposta sia da soggetti privati, sia da enti pubblici, purch\u00e9 titolari della propriet\u00e0. Si possono proporre ambienti di ogni tipologia \u2013 residenziale, commerciale, istituzionale, industriale, sportiva, etc. [&hellip;]","og_url":"https:\/\/www.trentinofilmcommission.it\/it\/proponi-location\/","og_site_name":"Trentino Film Commission","article_modified_time":"2024-05-23T08:59:31+00:00","og_image":[{"width":2560,"height":1109,"url":"https:\/\/www.trentinofilmcommission.it\/wp-content\/uploads\/2021\/05\/TFC_banner_location-2-scaled.jpg","type":"image\/jpeg"}],"twitter_card":"summary_large_image","twitter_misc":{"Est. reading time":"4 minuti"},"schema":{"@context":"https:\/\/schema.org","@graph":[{"@type":"WebPage","@id":"https:\/\/www.trentinofilmcommission.it\/it\/proponi-location\/","url":"https:\/\/www.trentinofilmcommission.it\/it\/proponi-location\/","name":"Proponi una location - Trentino Film Commission","isPartOf":{"@id":"https:\/\/www.trentinofilmcommission.it\/en\/#website"},"primaryImageOfPage":{"@id":"https:\/\/www.trentinofilmcommission.it\/it\/proponi-location\/#primaryimage"},"image":{"@id":"https:\/\/www.trentinofilmcommission.it\/it\/proponi-location\/#primaryimage"},"thumbnailUrl":"https:\/\/www.trentinofilmcommission.it\/wp-content\/uploads\/2021\/05\/TFC_banner_location-2-scaled.jpg","datePublished":"2020-07-02T13:59:24+00:00","dateModified":"2024-05-23T08:59:31+00:00","breadcrumb":{"@id":"https:\/\/www.trentinofilmcommission.it\/it\/proponi-location\/#breadcrumb"},"inLanguage":"it-IT","potentialAction":[{"@type":"ReadAction","target":["https:\/\/www.trentinofilmcommission.it\/it\/proponi-location\/"]}]},{"@type":"ImageObject","inLanguage":"it-IT","@id":"https:\/\/www.trentinofilmcommission.it\/it\/proponi-location\/#primaryimage","url":"https:\/\/www.trentinofilmcommission.it\/wp-content\/uploads\/2021\/05\/TFC_banner_location-2-scaled.jpg","contentUrl":"https:\/\/www.trentinofilmcommission.it\/wp-content\/uploads\/2021\/05\/TFC_banner_location-2-scaled.jpg","width":2560,"height":1109},{"@type":"BreadcrumbList","@id":"https:\/\/www.trentinofilmcommission.it\/it\/proponi-location\/#breadcrumb","itemListElement":[{"@type":"ListItem","position":1,"name":"Home","item":"https:\/\/www.trentinofilmcommission.it\/it\/"},{"@type":"ListItem","position":2,"name":"Proponi una location"}]},{"@type":"WebSite","@id":"https:\/\/www.trentinofilmcommission.it\/en\/#website","url":"https:\/\/www.trentinofilmcommission.it\/en\/","name":"Trentino Film Commission","description":"Where all films come true","potentialAction":[{"@type":"SearchAction","target":{"@type":"EntryPoint","urlTemplate":"https:\/\/www.trentinofilmcommission.it\/en\/?s={search_term_string}"},"query-input":{"@type":"PropertyValueSpecification","valueRequired":true,"valueName":"search_term_string"}}],"inLanguage":"it-IT"}]}},"meta_box":{"_news_categories":[],"_commission_address":"","_commission_contacts":[],"_commission_opening_hours":"","_commission_board_staff":[],"_commission_board_committee":[],"filmfund_introduction":"","filmfund_sections":[],"filmfund_addendum":"","filmfund_media_introduction":"","filmfund_media_documents":[],"filmfund_media_criteria":[],"_homepage_slides":[{"from":{"timestamp":"0"},"until":{"timestamp":"0"}}],"intro_mobile_contents":"","intro_contents":"","intro_boxes":[],"_homepage_notices":[],"_homepage_promo":[],"news_list_page":"","location_introduction":"","location_attachments":[],"location_browse_page":"","location_suggest_page":"","guide_introduction":"","guide_attachments":[],"guide_browse_page":"","guide_signup_page":"","landing_winners_style":"","landing_winners_title":"","landing_winners_intro":"","landing_winners_cols":[],"landing_introduction_style":"","landing_introduction_text":"","landing_introduction_cta":[],"landing_introduction_deadline":"","landing_description_style":"","landing_description_title":"","landing_description_text":"","landing_prizes_status":"","landing_prizes_style":"","landing_prizes_title":"","landing_prizes_subtitle":"","landing_prizes_cols":[],"landing_prizes_cta":[],"landing_prizes_deadline":"","landing_outro_text":"","professionals_page":"","companies_page":""},"_links":{"self":[{"href":"https:\/\/www.trentinofilmcommission.it\/it\/wp-json\/wp\/v2\/pages\/8273","targetHints":{"allow":["GET"]}}],"collection":[{"href":"https:\/\/www.trentinofilmcommission.it\/it\/wp-json\/wp\/v2\/pages"}],"about":[{"href":"https:\/\/www.trentinofilmcommission.it\/it\/wp-json\/wp\/v2\/types\/page"}],"author":[{"embeddable":true,"href":"https:\/\/www.trentinofilmcommission.it\/it\/wp-json\/wp\/v2\/users\/1"}],"replies":[{"embeddable":true,"href":"https:\/\/www.trentinofilmcommission.it\/it\/wp-json\/wp\/v2\/comments?post=8273"}],"version-history":[{"count":20,"href":"https:\/\/www.trentinofilmcommission.it\/it\/wp-json\/wp\/v2\/pages\/8273\/revisions"}],"predecessor-version":[{"id":14923,"href":"https:\/\/www.trentinofilmcommission.it\/it\/wp-json\/wp\/v2\/pages\/8273\/revisions\/14923"}],"wp:featuredmedia":[{"embeddable":true,"href":"https:\/\/www.trentinofilmcommission.it\/it\/wp-json\/wp\/v2\/media\/9082"}],"wp:attachment":[{"href":"https:\/\/www.trentinofilmcommission.it\/it\/wp-json\/wp\/v2\/media?parent=8273"}],"curies":[{"name":"wp","href":"https:\/\/api.w.org\/{rel}","templated":true}]}}