{"id":10335,"date":"2023-10-23T14:26:53","date_gmt":"2023-10-23T12:26:53","guid":{"rendered":"https:\/\/www.trentinofilmcommission.it\/?page_id=10335"},"modified":"2025-11-05T16:37:14","modified_gmt":"2025-11-05T15:37:14","slug":"vis-a-vis","status":"publish","type":"page","link":"https:\/\/www.trentinofilmcommission.it\/it\/vis-a-vis\/","title":{"rendered":"VIS-\u00c0-VIS: l&#8217;evento di matchmaking tra produttori e broadcaster"},"content":{"rendered":"<p>L\u2019evento <strong>Vis-\u00e0-Vis. Matchmaking tra produttori e broadcaster<\/strong> torna a Trento presso Palazzo Geremia (Via Rodolfo Belenzani 20)\u00a0 con la quarta edizione<strong> mercoled\u00ec 17 e gioved\u00ec 18 dicembre 2025<\/strong>. Nelle due giornate industry,\u00a0produttori e produttrici dell\u2019audiovisivo operanti in Trentino, Alto Adige, Veneto e Friuli Venezia Giulia avranno occasioni di contatto diretto con alcuni tra i principali broadcaster, distributori, produttrici e produttori italiani attraverso panel e incontri one-to-one.<\/p>\n<p>Vis-\u00e0-Vis \u00e8 promosso da <strong>Trentino Film Commission<\/strong> e <strong>Creative Europe Desk Italy MEDIA<\/strong>, in collaborazione con <strong>Veneto Film Commission<\/strong>, <strong>FVG Film Commission<\/strong>, <strong>Fondo audiovisivo FVG<\/strong>, <strong>IDM Film Commission<\/strong> e con il supporto organizzativo di <strong>Labmedia<\/strong>. Obiettivo degli organizzatori \u00e8 quello di essere al fianco di produttori e produttrici locali per favorire l\u2019incontro tra domanda e offerta nel settore dell\u2019audiovisivo, con particolare attenzione al mercato italiano del documentario.\u00a0\u00a0Vis-\u00e0-Vis nasce come iniziativa per promuovere una dimensione multi-regionale di dialogo e, visto il riscontro pi\u00f9 che positivo registrato dal 2022, ripropone una quarta edizione come aggiornamento professionale e come momento privilegiato per comprendere le richieste del mercato nazionale e internazionale.<\/p>\n<p>Protagonisti e ospiti dei panel i broadcaster<strong> Rai<\/strong>,<strong> Warner Discovery<\/strong>, <strong>Tv2000<\/strong>, i distributori <strong>Luce Cinecitt\u00e0<\/strong>,<strong> I-Wonder Pictures<\/strong> e <strong>ADR Distribution<\/strong>, e i produttori <strong>Fremantle<\/strong> e <strong>Indigo stories<\/strong>. Durante gli incontri speed date one-to-one, le societ\u00e0 di produzione avranno quindi l\u2019occasione unica di presentare i propri progetti ai broadcaster, ai distributori e ai coproduttori e di incontrare anche le Film Commission del Nord Est, Green Film e il Creative Europe Desk Italy MEDIA.<br \/>\n<strong>Le candidature dei progetti (al massimo due per societ\u00e0 di produzione) devono avvenire entro marted\u00ec 11 novembre<\/strong>.<\/p>\n<hr \/>\n<p><strong>IL PROGRAMMA<\/strong><\/p>\n<p>Il programma di questa quarta edizione di \u201cVis-\u00e0-Vis\u201d sar\u00e0 distribuito su due diverse giornate che si terranno a <strong>Palazzo Geremia<\/strong> a Trento in via Rodolfo Belenzani\u00a0 20.<br \/>\nNella prima,<strong> mercoled\u00ec 17 dicembre<\/strong>, assisteremo agli interventi di Programming Directors e Commissioning Editor di documentari e factual che illustreranno le loro linee editoriali, le esigenze in termini di generi, temi, formati e alcune storie di successo on air su<strong> Rai, Rai Play, Real Time, DMax e Tv2000<\/strong>.<br \/>\nPresenti anche <strong>Luce Cinecitt\u00e0<\/strong>, con un intervento di<strong> Enrico Bufalini<\/strong> \u2013 Direttore Archivio Luce, Cinema e Documentari Cinecitt\u00e0-focalizzato sul ruolo di questa storica societ\u00e0 nella distribuzione theatrical di documentari, e <strong>HBO Max<\/strong>, la nuova piattaforma streaming che debutter\u00e0 agli inizi del \u201826, che annuncer\u00e0 per la prima volta le proprie strategie editoriali sull\u2019unscripted.<br \/>\nLa seconda giornata, <strong>gioved\u00ec 18 dicembre<\/strong>, saranno diversi i momenti di interesse. Si partir\u00e0 con un talk dedicato a come <strong>Europa Creativa MEDIA<\/strong> pu\u00f2 supportare l\u2019ecosistema del documentario in Italia, grazie al confronto tra <strong>Silvia Sandrone<\/strong>, Project Officer Creative Europe Desk Italy MEDIA, e <strong>Francesco Virga<\/strong>, produttore di Mir Cinematografica e presidente dell\u2019associazione Doc\/It.<br \/>\nA seguire un panel con <strong>Fremantle e Indigo<\/strong> sulle opportunit\u00e0 di coproduzione con i grandi player e un<strong> focus writing con Alessandro Garramone<\/strong> sulla scrittura di documentari per le piattaforme. Infine, il momento caratterizzante dell\u2019iniziativa, ossia gli <strong>speed date tra broadcaster, distributori, produttori e produttrici ed enti in cui si discuter\u00e0 vis-\u00e0-vis i progetti selezionati e le possibili collaborazioni<\/strong>.<\/p>\n<p><a href=\"https:\/\/www.trentinofilmcommission.it\/wp-content\/uploads\/2025\/10\/Programma-mobile-Vis-a-Vis-2025.pdf\" target=\"_blank\" rel=\"noopener\">QUI IL PROGRAMMA COMPLETO<\/a><\/p>\n<hr \/>\n<p><strong>MODALIT\u00c0 DI ISCRIZIONE E SCADENZE\u00a0<\/strong><br \/>\n<strong>Panel e speed date one-to-one\u00a0<\/strong><\/p>\n<p>La partecipazione a Vis-\u00e0-Vis \u00e8 aperta a produttori e produttrici operanti in Trentino, Alto Adige, Veneto e Friuli Venezia Giulia, che possono scegliere di <strong>partecipare ai panel e anche di candidare uno o massimo due progetti da presentare ai broadcaster\/ distributori\/coproduttori ed enti negli incontri one-to-one. <\/strong><\/p>\n<p><strong>L\u2019iscrizione ai panel \u00e8 aperta fino ad esaurimento posti (max 100)<\/strong>.<\/p>\n<p>SPEED DATE<br \/>\nLa candidatura dei progetti (al massimo due) da parte delle societ\u00e0 di produzione scadr\u00e0 <strong>marted\u00ec\u00a0 11 novembre<\/strong>. Per la candidatura dei progetti \u00e8 necessario scaricare la <strong><a href=\"https:\/\/www.trentinofilmcommission.it\/wp-content\/uploads\/2025\/10\/scheda_progetto_25_please_save_in_word_no_pdf_thanks.doc\" target=\"_blank\" rel=\"noopener\">scheda progetto<\/a><\/strong> predisposta e allegarla al form <strong>nel formato word<\/strong>. I progetti candidati verranno valutati dai broadcaster e dai distributori e solo quelli selezionati potranno partecipare agli speed date.<\/p>\n<p>VADEMECUM PER GLI SPEED DATE<br \/>\nPrima di candidare il tuo progetto, ti invitiamo a scegliere con accuratezza i broadcaster\/distributori\/coproduttori\/enti a cui proporlo. Nel <strong><a href=\"https:\/\/www.trentinofilmcommission.it\/wp-content\/uploads\/2025\/10\/Vademecum-Vis-a-Vis-2025.pdf\">Vademecum <\/a><\/strong>\u00a0trovi una descrizione puntuale della tipologia di prodotti di interesse\/area di responsabilit\u00e0 per ogni richiesta di speed-date.<\/p>\n<p>ATTENZIONE: la partecipazione agli incontri one-to-one verr\u00e0 confermata a seguito della valutazione degli organizzatori e dell\u2019accettazione da parte dei broadcaster, dei distributori, dei coproduttori ed enti. I produttori riceveranno comunicazione dell\u2019eventuale selezione dei progetti e dei relativi incontri confermati nei primi giorni di dicembre.<\/p>\n<p>INFORMAZIONI: contattaci al numero 0461\/493510 o alla e-mail <strong>filmcommission@trentinosviluppo.it<\/strong><\/p>\n<p><a href=\"https:\/\/share-eu1.hsforms.com\/1lgQbFcPDTpeo8WqP-Ipa4Q590nj\"><img decoding=\"async\" class=\"aligncenter wp-image-17426\" src=\"https:\/\/www.trentinofilmcommission.it\/wp-content\/uploads\/2024\/10\/Iscriviti-e1729601263574.png\" alt=\"Iscriviti\" width=\"246\" height=\"77\" srcset=\"https:\/\/www.trentinofilmcommission.it\/wp-content\/uploads\/2024\/10\/Iscriviti-e1729601263574.png 573w, https:\/\/www.trentinofilmcommission.it\/wp-content\/uploads\/2024\/10\/Iscriviti-e1729601263574-200x62.png 200w\" sizes=\"(max-width: 246px) 100vw, 246px\" \/><\/a><\/p>\n<p>&nbsp;<\/p>\n","protected":false},"excerpt":{"rendered":"<p>L\u2019evento Vis-\u00e0-Vis. Matchmaking tra produttori e broadcaster torna a Trento presso Palazzo Geremia (Via Rodolfo Belenzani 20)\u00a0 con la quarta edizione mercoled\u00ec 17 e gioved\u00ec 18 dicembre 2025. Nelle due giornate industry,\u00a0produttori e produttrici dell\u2019audiovisivo operanti in Trentino, Alto Adige, Veneto e Friuli Venezia Giulia avranno occasioni di contatto diretto con alcuni tra i principali [&hellip;]<\/p>\n","protected":false},"author":3,"featured_media":18729,"parent":0,"menu_order":0,"comment_status":"closed","ping_status":"closed","template":"","meta":{"footnotes":""},"class_list":["post-10335","page","type-page","status-publish","has-post-thumbnail","hentry"],"yoast_head":"<!-- This site is optimized with the Yoast SEO plugin v27.3 - https:\/\/yoast.com\/product\/yoast-seo-wordpress\/ -->\n<title>VIS-\u00c0-VIS: l&#039;evento di matchmaking tra produttori e broadcaster - Trentino Film Commission<\/title>\n<meta name=\"robots\" content=\"index, follow, max-snippet:-1, max-image-preview:large, max-video-preview:-1\" \/>\n<link rel=\"canonical\" href=\"https:\/\/www.trentinofilmcommission.it\/it\/vis-a-vis\/\" \/>\n<meta property=\"og:locale\" content=\"it_IT\" \/>\n<meta property=\"og:type\" content=\"article\" \/>\n<meta property=\"og:title\" content=\"VIS-\u00c0-VIS: l&#039;evento di matchmaking tra produttori e broadcaster - Trentino Film Commission\" \/>\n<meta property=\"og:description\" content=\"L\u2019evento Vis-\u00e0-Vis. Matchmaking tra produttori e broadcaster torna a Trento presso Palazzo Geremia (Via Rodolfo Belenzani 20)\u00a0 con la quarta edizione mercoled\u00ec 17 e gioved\u00ec 18 dicembre 2025. Nelle due giornate industry,\u00a0produttori e produttrici dell\u2019audiovisivo operanti in Trentino, Alto Adige, Veneto e Friuli Venezia Giulia avranno occasioni di contatto diretto con alcuni tra i principali [&hellip;]\" \/>\n<meta property=\"og:url\" content=\"https:\/\/www.trentinofilmcommission.it\/it\/vis-a-vis\/\" \/>\n<meta property=\"og:site_name\" content=\"Trentino Film Commission\" \/>\n<meta property=\"article:modified_time\" content=\"2025-11-05T15:37:14+00:00\" \/>\n<meta property=\"og:image\" content=\"https:\/\/www.trentinofilmcommission.it\/wp-content\/uploads\/2025\/10\/13-2560x928-Vis-a-vis-2025.jpg\" \/>\n\t<meta property=\"og:image:width\" content=\"2560\" \/>\n\t<meta property=\"og:image:height\" content=\"928\" \/>\n\t<meta property=\"og:image:type\" content=\"image\/jpeg\" \/>\n<meta name=\"twitter:card\" content=\"summary_large_image\" \/>\n<meta name=\"twitter:label1\" content=\"Est. reading time\" \/>\n\t<meta name=\"twitter:data1\" content=\"5 minuti\" \/>\n<script type=\"application\/ld+json\" class=\"yoast-schema-graph\">{\"@context\":\"https:\\\/\\\/schema.org\",\"@graph\":[{\"@type\":\"WebPage\",\"@id\":\"https:\\\/\\\/www.trentinofilmcommission.it\\\/it\\\/vis-a-vis\\\/\",\"url\":\"https:\\\/\\\/www.trentinofilmcommission.it\\\/it\\\/vis-a-vis\\\/\",\"name\":\"VIS-\u00c0-VIS: l'evento di matchmaking tra produttori e broadcaster - Trentino Film Commission\",\"isPartOf\":{\"@id\":\"https:\\\/\\\/www.trentinofilmcommission.it\\\/en\\\/#website\"},\"primaryImageOfPage\":{\"@id\":\"https:\\\/\\\/www.trentinofilmcommission.it\\\/it\\\/vis-a-vis\\\/#primaryimage\"},\"image\":{\"@id\":\"https:\\\/\\\/www.trentinofilmcommission.it\\\/it\\\/vis-a-vis\\\/#primaryimage\"},\"thumbnailUrl\":\"https:\\\/\\\/www.trentinofilmcommission.it\\\/wp-content\\\/uploads\\\/2025\\\/10\\\/13-2560x928-Vis-a-vis-2025.jpg\",\"datePublished\":\"2023-10-23T12:26:53+00:00\",\"dateModified\":\"2025-11-05T15:37:14+00:00\",\"breadcrumb\":{\"@id\":\"https:\\\/\\\/www.trentinofilmcommission.it\\\/it\\\/vis-a-vis\\\/#breadcrumb\"},\"inLanguage\":\"it-IT\",\"potentialAction\":[{\"@type\":\"ReadAction\",\"target\":[\"https:\\\/\\\/www.trentinofilmcommission.it\\\/it\\\/vis-a-vis\\\/\"]}]},{\"@type\":\"ImageObject\",\"inLanguage\":\"it-IT\",\"@id\":\"https:\\\/\\\/www.trentinofilmcommission.it\\\/it\\\/vis-a-vis\\\/#primaryimage\",\"url\":\"https:\\\/\\\/www.trentinofilmcommission.it\\\/wp-content\\\/uploads\\\/2025\\\/10\\\/13-2560x928-Vis-a-vis-2025.jpg\",\"contentUrl\":\"https:\\\/\\\/www.trentinofilmcommission.it\\\/wp-content\\\/uploads\\\/2025\\\/10\\\/13-2560x928-Vis-a-vis-2025.jpg\",\"width\":2560,\"height\":928},{\"@type\":\"BreadcrumbList\",\"@id\":\"https:\\\/\\\/www.trentinofilmcommission.it\\\/it\\\/vis-a-vis\\\/#breadcrumb\",\"itemListElement\":[{\"@type\":\"ListItem\",\"position\":1,\"name\":\"Home\",\"item\":\"https:\\\/\\\/www.trentinofilmcommission.it\\\/it\\\/\"},{\"@type\":\"ListItem\",\"position\":2,\"name\":\"VIS-\u00c0-VIS: l&#8217;evento di matchmaking tra produttori e broadcaster\"}]},{\"@type\":\"WebSite\",\"@id\":\"https:\\\/\\\/www.trentinofilmcommission.it\\\/en\\\/#website\",\"url\":\"https:\\\/\\\/www.trentinofilmcommission.it\\\/en\\\/\",\"name\":\"Trentino Film Commission\",\"description\":\"Where all films come true\",\"potentialAction\":[{\"@type\":\"SearchAction\",\"target\":{\"@type\":\"EntryPoint\",\"urlTemplate\":\"https:\\\/\\\/www.trentinofilmcommission.it\\\/en\\\/?s={search_term_string}\"},\"query-input\":{\"@type\":\"PropertyValueSpecification\",\"valueRequired\":true,\"valueName\":\"search_term_string\"}}],\"inLanguage\":\"it-IT\"}]}<\/script>\n<!-- \/ Yoast SEO plugin. -->","yoast_head_json":{"title":"VIS-\u00c0-VIS: l'evento di matchmaking tra produttori e broadcaster - Trentino Film Commission","robots":{"index":"index","follow":"follow","max-snippet":"max-snippet:-1","max-image-preview":"max-image-preview:large","max-video-preview":"max-video-preview:-1"},"canonical":"https:\/\/www.trentinofilmcommission.it\/it\/vis-a-vis\/","og_locale":"it_IT","og_type":"article","og_title":"VIS-\u00c0-VIS: l'evento di matchmaking tra produttori e broadcaster - Trentino Film Commission","og_description":"L\u2019evento Vis-\u00e0-Vis. Matchmaking tra produttori e broadcaster torna a Trento presso Palazzo Geremia (Via Rodolfo Belenzani 20)\u00a0 con la quarta edizione mercoled\u00ec 17 e gioved\u00ec 18 dicembre 2025. Nelle due giornate industry,\u00a0produttori e produttrici dell\u2019audiovisivo operanti in Trentino, Alto Adige, Veneto e Friuli Venezia Giulia avranno occasioni di contatto diretto con alcuni tra i principali [&hellip;]","og_url":"https:\/\/www.trentinofilmcommission.it\/it\/vis-a-vis\/","og_site_name":"Trentino Film Commission","article_modified_time":"2025-11-05T15:37:14+00:00","og_image":[{"width":2560,"height":928,"url":"https:\/\/www.trentinofilmcommission.it\/wp-content\/uploads\/2025\/10\/13-2560x928-Vis-a-vis-2025.jpg","type":"image\/jpeg"}],"twitter_card":"summary_large_image","twitter_misc":{"Est. reading time":"5 minuti"},"schema":{"@context":"https:\/\/schema.org","@graph":[{"@type":"WebPage","@id":"https:\/\/www.trentinofilmcommission.it\/it\/vis-a-vis\/","url":"https:\/\/www.trentinofilmcommission.it\/it\/vis-a-vis\/","name":"VIS-\u00c0-VIS: l'evento di matchmaking tra produttori e broadcaster - Trentino Film Commission","isPartOf":{"@id":"https:\/\/www.trentinofilmcommission.it\/en\/#website"},"primaryImageOfPage":{"@id":"https:\/\/www.trentinofilmcommission.it\/it\/vis-a-vis\/#primaryimage"},"image":{"@id":"https:\/\/www.trentinofilmcommission.it\/it\/vis-a-vis\/#primaryimage"},"thumbnailUrl":"https:\/\/www.trentinofilmcommission.it\/wp-content\/uploads\/2025\/10\/13-2560x928-Vis-a-vis-2025.jpg","datePublished":"2023-10-23T12:26:53+00:00","dateModified":"2025-11-05T15:37:14+00:00","breadcrumb":{"@id":"https:\/\/www.trentinofilmcommission.it\/it\/vis-a-vis\/#breadcrumb"},"inLanguage":"it-IT","potentialAction":[{"@type":"ReadAction","target":["https:\/\/www.trentinofilmcommission.it\/it\/vis-a-vis\/"]}]},{"@type":"ImageObject","inLanguage":"it-IT","@id":"https:\/\/www.trentinofilmcommission.it\/it\/vis-a-vis\/#primaryimage","url":"https:\/\/www.trentinofilmcommission.it\/wp-content\/uploads\/2025\/10\/13-2560x928-Vis-a-vis-2025.jpg","contentUrl":"https:\/\/www.trentinofilmcommission.it\/wp-content\/uploads\/2025\/10\/13-2560x928-Vis-a-vis-2025.jpg","width":2560,"height":928},{"@type":"BreadcrumbList","@id":"https:\/\/www.trentinofilmcommission.it\/it\/vis-a-vis\/#breadcrumb","itemListElement":[{"@type":"ListItem","position":1,"name":"Home","item":"https:\/\/www.trentinofilmcommission.it\/it\/"},{"@type":"ListItem","position":2,"name":"VIS-\u00c0-VIS: l&#8217;evento di matchmaking tra produttori e broadcaster"}]},{"@type":"WebSite","@id":"https:\/\/www.trentinofilmcommission.it\/en\/#website","url":"https:\/\/www.trentinofilmcommission.it\/en\/","name":"Trentino Film Commission","description":"Where all films come true","potentialAction":[{"@type":"SearchAction","target":{"@type":"EntryPoint","urlTemplate":"https:\/\/www.trentinofilmcommission.it\/en\/?s={search_term_string}"},"query-input":{"@type":"PropertyValueSpecification","valueRequired":true,"valueName":"search_term_string"}}],"inLanguage":"it-IT"}]}},"meta_box":{"_news_categories":[],"_commission_address":"","_commission_contacts":[],"_commission_opening_hours":"","_commission_board_staff":[],"_commission_board_committee":[],"filmfund_introduction":"","filmfund_sections":[],"filmfund_addendum":"","filmfund_media_introduction":"","filmfund_media_documents":[],"filmfund_media_criteria":[],"_homepage_slides":[{"from":{"timestamp":"0"},"until":{"timestamp":"0"}}],"intro_mobile_contents":"","intro_contents":"","intro_boxes":[],"_homepage_notices":[],"_homepage_promo":[],"news_list_page":"","location_introduction":"","location_attachments":[],"location_browse_page":"","location_suggest_page":"","guide_introduction":"","guide_attachments":[],"guide_browse_page":"","guide_signup_page":"","landing_winners_style":"","landing_winners_title":"","landing_winners_intro":"","landing_winners_cols":[],"landing_introduction_style":"","landing_introduction_text":"","landing_introduction_cta":[],"landing_introduction_deadline":"","landing_description_style":"","landing_description_title":"","landing_description_text":"","landing_prizes_status":"","landing_prizes_style":"","landing_prizes_title":"","landing_prizes_subtitle":"","landing_prizes_cols":[],"landing_prizes_cta":[],"landing_prizes_deadline":"","landing_outro_text":"","professionals_page":"","companies_page":""},"_links":{"self":[{"href":"https:\/\/www.trentinofilmcommission.it\/it\/wp-json\/wp\/v2\/pages\/10335","targetHints":{"allow":["GET"]}}],"collection":[{"href":"https:\/\/www.trentinofilmcommission.it\/it\/wp-json\/wp\/v2\/pages"}],"about":[{"href":"https:\/\/www.trentinofilmcommission.it\/it\/wp-json\/wp\/v2\/types\/page"}],"author":[{"embeddable":true,"href":"https:\/\/www.trentinofilmcommission.it\/it\/wp-json\/wp\/v2\/users\/3"}],"replies":[{"embeddable":true,"href":"https:\/\/www.trentinofilmcommission.it\/it\/wp-json\/wp\/v2\/comments?post=10335"}],"version-history":[{"count":10,"href":"https:\/\/www.trentinofilmcommission.it\/it\/wp-json\/wp\/v2\/pages\/10335\/revisions"}],"predecessor-version":[{"id":18831,"href":"https:\/\/www.trentinofilmcommission.it\/it\/wp-json\/wp\/v2\/pages\/10335\/revisions\/18831"}],"wp:featuredmedia":[{"embeddable":true,"href":"https:\/\/www.trentinofilmcommission.it\/it\/wp-json\/wp\/v2\/media\/18729"}],"wp:attachment":[{"href":"https:\/\/www.trentinofilmcommission.it\/it\/wp-json\/wp\/v2\/media?parent=10335"}],"curies":[{"name":"wp","href":"https:\/\/api.w.org\/{rel}","templated":true}]}}